{"id":18371,"date":"2023-12-13T10:07:25","date_gmt":"2023-12-13T10:07:25","guid":{"rendered":"https:\/\/freudebringer.at\/customer-info\/"},"modified":"2024-01-31T07:02:28","modified_gmt":"2024-01-31T07:02:28","slug":"kundeninformation","status":"publish","type":"page","link":"https:\/\/freudebringer.at\/en\/kundeninformation\/","title":{"rendered":"Kundeninformation"},"content":{"rendered":"\n\t<section class=\"section\" id=\"section_1928799927\">\n\t\t<div class=\"bg section-bg fill bg-fill  bg-loaded\" >\n\n\t\t\t\n\t\t\t\n\t\t\t\n\n\t\t<\/div>\n\n\t\t\n\n\t\t<div class=\"section-content relative\">\n\t\t\t\n\n\t<div id=\"gap-254858223\" class=\"gap-element clearfix\" style=\"display:block; height:auto;\">\n\t\t\n<style>\n#gap-254858223 {\n  padding-top: 170px;\n}\n<\/style>\n\t<\/div>\n\t\n\n<div class=\"row align-middle\"  id=\"row-1154040616\">\n\n\n\t<div id=\"col-2010329879\" class=\"col medium-10 small-12 large-10\"  >\n\t\t\t\t<div class=\"col-inner text-left dark\"  >\n\t\t\t\n\t\t\t\n\n<h2>Wow, es freut uns,<br \/>dass wir die Kampagne<br \/>f\u00fcr Dich umsetzen<\/h2>\n\t<div id=\"gap-62712078\" class=\"gap-element clearfix\" style=\"display:block; height:auto;\">\n\t\t\n<style>\n#gap-62712078 {\n  padding-top: 20px;\n}\n<\/style>\n\t<\/div>\n\t\n\n<h3>Damit wir bestm\u00f6glich starten k\u00f6nnen, bitten wir Dich gleich unser Infoformular auszuf\u00fcllen. Mit den Infos erstellen wir uns Infosheet f\u00fcr die Verteilpartner und informieren unseren Logistikpartner<\/h3>\n\t<div id=\"gap-700463275\" class=\"gap-element clearfix\" style=\"display:block; height:auto;\">\n\t\t\n<style>\n#gap-700463275 {\n  padding-top: 15px;\n}\n<\/style>\n\t<\/div>\n\t\n\n<p>Wenn Du noch nicht alle Infos beisammen hast, kannst Du gerne auch nur Teile absenden und zur\u00fcck <br \/>kommen wenn die restlichen Infos da sind.<\/p>\n\n\t\t<\/div>\n\t\t\t\t\t<\/div>\n\n\t\n\n<\/div>\n\t<div id=\"gap-1890218958\" class=\"gap-element clearfix\" style=\"display:block; height:auto;\">\n\t\t\n<style>\n#gap-1890218958 {\n  padding-top: 80px;\n}\n<\/style>\n\t<\/div>\n\t\n\n\n\t\t<\/div>\n\n\t\t\n<style>\n#section_1928799927 {\n  padding-top: 0px;\n  padding-bottom: 0px;\n  background-color: rgb(231, 187, 46);\n}\n<\/style>\n\t<\/section>\n\t\n\t<section class=\"section\" id=\"section_334625186\">\n\t\t<div class=\"bg section-bg fill bg-fill  bg-loaded\" >\n\n\t\t\t\n\t\t\t\n\t\t\t\n\n\t\t<\/div>\n\n\t\t\n\n\t\t<div class=\"section-content relative\">\n\t\t\t\n\n\t<div id=\"gap-1332862664\" class=\"gap-element clearfix\" style=\"display:block; height:auto;\">\n\t\t\n<style>\n#gap-1332862664 {\n  padding-top: 141px;\n}\n<\/style>\n\t<\/div>\n\t\n\n<div class=\"row\"  id=\"row-505713242\">\n\n\n\t<div id=\"col-1657183206\" class=\"col small-12 large-12\"  >\n\t\t\t\t<div class=\"col-inner text-right\"  >\n\t\t\t\n\t\t\t\n\n\n<div class=\"wpcf7 no-js\" id=\"wpcf7-f18753-o1\" lang=\"en-US\" dir=\"ltr\" data-wpcf7-id=\"18753\">\n<div class=\"screen-reader-response\"><p role=\"status\" aria-live=\"polite\" aria-atomic=\"true\"><\/p> <ul><\/ul><\/div>\n<form action=\"\/en\/wp-json\/wp\/v2\/pages\/18371#wpcf7-f18753-o1\" method=\"post\" class=\"wpcf7-form init\" aria-label=\"Contact form\" enctype=\"multipart\/form-data\" novalidate=\"novalidate\" data-status=\"init\">\n<div style=\"display: none;\">\n<input type=\"hidden\" name=\"_wpcf7\" value=\"18753\" \/>\n<input type=\"hidden\" name=\"_wpcf7_version\" value=\"6.0.5\" \/>\n<input type=\"hidden\" name=\"_wpcf7_locale\" value=\"en_US\" \/>\n<input type=\"hidden\" name=\"_wpcf7_unit_tag\" value=\"wpcf7-f18753-o1\" \/>\n<input type=\"hidden\" name=\"_wpcf7_container_post\" value=\"0\" \/>\n<input type=\"hidden\" name=\"_wpcf7_posted_data_hash\" value=\"\" \/>\n<input type=\"hidden\" name=\"_wpcf7_recaptcha_response\" value=\"\" \/>\n<\/div>\n<p><span class=\"wpcf7-form-control-wrap\" data-name=\"your-anrede\"><input size=\"40\" maxlength=\"400\" class=\"wpcf7-form-control wpcf7-text wpcf7-validates-as-required\" aria-required=\"true\" aria-invalid=\"false\" placeholder=\"Your name\" value=\"\" type=\"text\" name=\"your-anrede\" \/><\/span><br \/>\n<span class=\"wpcf7-form-control-wrap\" data-name=\"your-nachname\"><input size=\"40\" maxlength=\"400\" class=\"wpcf7-form-control wpcf7-text wpcf7-validates-as-required\" aria-required=\"true\" aria-invalid=\"false\" placeholder=\"Enterprise\" value=\"\" type=\"text\" name=\"your-nachname\" \/><\/span><br \/>\n<span class=\"wpcf7-form-control-wrap\" data-name=\"your-email\"><input size=\"40\" maxlength=\"400\" class=\"wpcf7-form-control wpcf7-email wpcf7-validates-as-required wpcf7-text wpcf7-validates-as-email\" aria-required=\"true\" aria-invalid=\"false\" placeholder=\"Email to process the campaign\" value=\"\" type=\"email\" name=\"your-email\" \/><\/span><br \/>\n<span class=\"wpcf7-form-control-wrap\" data-name=\"your-unternehmen\"><input size=\"40\" maxlength=\"400\" class=\"wpcf7-form-control wpcf7-text wpcf7-validates-as-required\" aria-required=\"true\" aria-invalid=\"false\" placeholder=\"Which product should be distributed?\" value=\"\" type=\"text\" name=\"your-unternehmen\" \/><\/span><br \/>\n<span class=\"wpcf7-form-control-wrap\" data-name=\"InfoszumProdukt\"><input size=\"40\" maxlength=\"400\" class=\"wpcf7-form-control wpcf7-text\" aria-invalid=\"false\" placeholder=\"Information about the product\" value=\"\" type=\"text\" name=\"InfoszumProdukt\" \/><\/span><br \/>\n<span class=\"wpcf7-form-control-wrap\" data-name=\"WelcheZielgruppesollbeiderVerteilungangesprochenwerden\"><input size=\"40\" maxlength=\"400\" class=\"wpcf7-form-control wpcf7-text\" aria-invalid=\"false\" placeholder=\"Which target group should be addressed in the distribution?\" value=\"\" type=\"text\" name=\"WelcheZielgruppesollbeiderVerteilungangesprochenwerden\" \/><\/span><br \/>\n<span class=\"wpcf7-form-control-wrap\" data-name=\"InwelcherRegionsolldieVerteilungumgesetztwerden\"><input size=\"40\" maxlength=\"400\" class=\"wpcf7-form-control wpcf7-text\" aria-invalid=\"false\" placeholder=\"In which region should the distribution be implemented\" value=\"\" type=\"text\" name=\"InwelcherRegionsolldieVerteilungumgesetztwerden\" \/><\/span><br \/>\n<span class=\"wpcf7-form-control-wrap\" data-name=\"WelcheAnzahlvonProduktensollverteiltwerden\"><input size=\"40\" maxlength=\"400\" class=\"wpcf7-form-control wpcf7-text\" aria-invalid=\"false\" placeholder=\"How many products should be distributed?\" value=\"\" type=\"text\" name=\"WelcheAnzahlvonProduktensollverteiltwerden\" \/><\/span><br \/>\n<span class=\"wpcf7-form-control-wrap\" data-name=\"InwelchenZeitraumsollverteiltwerdenabBeauftragungbentigenwirca\"><input size=\"40\" maxlength=\"400\" class=\"wpcf7-form-control wpcf7-text\" aria-invalid=\"false\" placeholder=\"In what period should the distribution be made (we need approx. 4-6 weeks lead time from the time the order is placed):\" value=\"\" type=\"text\" name=\"InwelchenZeitraumsollverteiltwerdenabBeauftragungbentigenwirca\" \/><\/span><br \/>\n<span class=\"wpcf7-form-control-wrap\" data-name=\"WiegroistdasProduktdasverteiltwerdensoll\"><input size=\"40\" maxlength=\"400\" class=\"wpcf7-form-control wpcf7-text\" aria-invalid=\"false\" placeholder=\"How big is the product to be distributed?\" value=\"\" type=\"text\" name=\"WiegroistdasProduktdasverteiltwerdensoll\" \/><\/span><br \/>\n<span class=\"wpcf7-form-control-wrap\" data-name=\"WelchesGewichthatdasProdukt\"><input size=\"40\" maxlength=\"400\" class=\"wpcf7-form-control wpcf7-text\" aria-invalid=\"false\" placeholder=\"What weight does the product have?\" value=\"\" type=\"text\" name=\"WelchesGewichthatdasProdukt\" \/><\/span><br \/>\n<span class=\"wpcf7-form-control-wrap\" data-name=\"WiegroistderKartonindemdasProduktangeliefertwird\"><input size=\"40\" maxlength=\"400\" class=\"wpcf7-form-control wpcf7-text\" aria-invalid=\"false\" placeholder=\"How big is the box in which the product is delivered?\" value=\"\" type=\"text\" name=\"WiegroistderKartonindemdasProduktangeliefertwird\" \/><\/span><br \/>\n<span class=\"wpcf7-form-control-wrap\" data-name=\"WievieleProduktesindineinemKarton\"><input size=\"40\" maxlength=\"400\" class=\"wpcf7-form-control wpcf7-text\" aria-invalid=\"false\" placeholder=\"How many products are in a box?\" value=\"\" type=\"text\" name=\"WievieleProduktesindineinemKarton\" \/><\/span><br \/>\n<span class=\"wpcf7-form-control-wrap\" data-name=\"WievieleKartonssindaufeinerPalette\"><input size=\"40\" maxlength=\"400\" class=\"wpcf7-form-control wpcf7-text\" aria-invalid=\"false\" placeholder=\"How many boxes are on a pallet?\" value=\"\" type=\"text\" name=\"WievieleKartonssindaufeinerPalette\" \/><\/span><br \/>\n<span class=\"wpcf7-form-control-wrap\" data-name=\"WievielePalettenwerdenangeliefert\"><input size=\"40\" maxlength=\"400\" class=\"wpcf7-form-control wpcf7-text\" aria-invalid=\"false\" placeholder=\"How many pallets are delivered?\" value=\"\" type=\"text\" name=\"WievielePalettenwerdenangeliefert\" \/><\/span><br \/>\n<span class=\"wpcf7-form-control-wrap\" data-name=\"WannwirddieWareangeliefert\"><input size=\"40\" maxlength=\"400\" class=\"wpcf7-form-control wpcf7-text\" aria-invalid=\"false\" placeholder=\"When will the goods be delivered?\" value=\"\" type=\"text\" name=\"WannwirddieWareangeliefert\" \/><\/span>\n<\/p>\n<p><span class=\"wpcf7-form-control-wrap\" data-name=\"textarea-977_IstdasProduktalsGefahrgutklassifiziert\"><textarea cols=\"40\" rows=\"10\" maxlength=\"2000\" class=\"wpcf7-form-control wpcf7-textarea\" aria-invalid=\"false\" placeholder=\"Is the product classified as dangerous goods (e.g. aerosols, lighters,...)? If so, which dangerous goods and what regulations are there regarding storage and shipping?\" name=\"textarea-977_IstdasProduktalsGefahrgutklassifiziert\"><\/textarea><\/span>\n<\/p>\n<p><span class=\"wpcf7-form-control-wrap\" data-name=\"textarea_MssenwirzumProduktnochetwaswissen\"><textarea cols=\"40\" rows=\"10\" maxlength=\"2000\" class=\"wpcf7-form-control wpcf7-textarea\" aria-invalid=\"false\" placeholder=\"Do we need to know anything else about the product - for example, is it fragile, do you have to clean the products, are there stickers that need to be attached,...?\" name=\"textarea_MssenwirzumProduktnochetwaswissen\"><\/textarea><\/span>\n<\/p>\n<p><span class=\"wpcf7-form-control-wrap\" data-name=\"WerdennochweitereWerbematerialienmitgeliefert\"><input size=\"40\" maxlength=\"400\" class=\"wpcf7-form-control wpcf7-text\" aria-invalid=\"false\" placeholder=\"Are any other promotional materials included?\" value=\"\" type=\"text\" name=\"WerdennochweitereWerbematerialienmitgeliefert\" \/><\/span><br \/>\n<span class=\"wpcf7-form-control-wrap\" data-name=\"FallsFreudebringerWerbematerialienverteilensollwelchesollendassein\"><input size=\"40\" maxlength=\"400\" class=\"wpcf7-form-control wpcf7-text\" aria-invalid=\"false\" placeholder=\"If Freudebringer is to distribute promotional materials, what should they be?\" value=\"\" type=\"text\" name=\"FallsFreudebringerWerbematerialienverteilensollwelchesollendassein\" \/><\/span><br \/>\n<span class=\"wpcf7-form-control-wrap\" data-name=\"SollFreudebringerWerbematerialienproduzierenfallsjawelche\"><input size=\"40\" maxlength=\"400\" class=\"wpcf7-form-control wpcf7-text\" aria-invalid=\"false\" placeholder=\"Should Freudebringer produce advertising materials, if so, which ones?\" value=\"\" type=\"text\" name=\"SollFreudebringerWerbematerialienproduzierenfallsjawelche\" \/><\/span><br \/>\n<span class=\"wpcf7-form-control-wrap\" data-name=\"SonstigeInformationendiewirwissenmssten\"><input size=\"40\" maxlength=\"400\" class=\"wpcf7-form-control wpcf7-text\" aria-invalid=\"false\" placeholder=\"Other information that we would need to know (legal regulations regarding your product, no-gos,\u2026)?\" value=\"\" type=\"text\" name=\"SonstigeInformationendiewirwissenmssten\" \/><\/span>\n<\/p>\n<p style=\"color:#fff;text-align:left;\">Please upload a packshot of the product <span class=\"wpcf7-form-control-wrap\" data-name=\"file-284\"><input size=\"40\" class=\"wpcf7-form-control wpcf7-file\" accept=\"audio\/*,video\/*,image\/*\" aria-invalid=\"false\" type=\"file\" name=\"file-284\" \/><\/span>\n<\/p>\n<p style=\"color:#fff;text-align:left;\">Here you can upload further information (pdfs, jpgs, movs,...) <span class=\"wpcf7-form-control-wrap\" data-name=\"file-2834\"><input size=\"40\" class=\"wpcf7-form-control wpcf7-file\" accept=\"audio\/*,video\/*,image\/*\" aria-invalid=\"false\" type=\"file\" name=\"file-2834\" \/><\/span>\n<\/p>\n<p><input class=\"wpcf7-form-control wpcf7-submit has-spinner\" type=\"submit\" value=\"Submit\" \/>\n<\/p><input type='hidden' class='wpcf7-pum' value='{\"closepopup\":false,\"closedelay\":0,\"openpopup\":false,\"openpopup_id\":0}' \/><div class=\"wpcf7-response-output\" aria-hidden=\"true\"><\/div>\n<\/form>\n<\/div>\n\n\n\n\t\t<\/div>\n\t\t\t\t\t<\/div>\n\n\t\n\n<\/div>\n\t<div id=\"gap-1927332395\" class=\"gap-element clearfix\" style=\"display:block; height:auto;\">\n\t\t\n<style>\n#gap-1927332395 {\n  padding-top: 50px;\n}\n<\/style>\n\t<\/div>\n\t\n\n\n\t\t<\/div>\n\n\t\t\n<style>\n#section_334625186 {\n  padding-top: 0px;\n  padding-bottom: 0px;\n  background-color: rgb(219, 147, 39);\n}\n<\/style>\n\t<\/section>\n\t\n\n","protected":false},"excerpt":{"rendered":"","protected":false},"author":1,"featured_media":0,"parent":0,"menu_order":0,"comment_status":"closed","ping_status":"closed","template":"page-transparent-header-light.php","meta":{"footnotes":""},"class_list":["post-18371","page","type-page","status-publish","hentry"],"_links":{"self":[{"href":"https:\/\/freudebringer.at\/en\/wp-json\/wp\/v2\/pages\/18371","targetHints":{"allow":["GET"]}}],"collection":[{"href":"https:\/\/freudebringer.at\/en\/wp-json\/wp\/v2\/pages"}],"about":[{"href":"https:\/\/freudebringer.at\/en\/wp-json\/wp\/v2\/types\/page"}],"author":[{"embeddable":true,"href":"https:\/\/freudebringer.at\/en\/wp-json\/wp\/v2\/users\/1"}],"replies":[{"embeddable":true,"href":"https:\/\/freudebringer.at\/en\/wp-json\/wp\/v2\/comments?post=18371"}],"version-history":[{"count":0,"href":"https:\/\/freudebringer.at\/en\/wp-json\/wp\/v2\/pages\/18371\/revisions"}],"wp:attachment":[{"href":"https:\/\/freudebringer.at\/en\/wp-json\/wp\/v2\/media?parent=18371"}],"curies":[{"name":"wp","href":"https:\/\/api.w.org\/{rel}","templated":true}]}}