{"id":18373,"date":"2023-12-13T08:26:47","date_gmt":"2023-12-13T06:26:47","guid":{"rendered":"https:\/\/freudebringer.at\/referenzen\/"},"modified":"2025-10-30T10:48:49","modified_gmt":"2025-10-30T08:48:49","slug":"credentials","status":"publish","type":"page","link":"https:\/\/freudebringer.at\/en\/credentials\/","title":{"rendered":"Credentials"},"content":{"rendered":"\n\t<section class=\"section\" id=\"section_1637024745\">\n\t\t<div class=\"bg section-bg fill bg-fill  \" >\n\n\t\t\t\n\t\t\t\n\t\t\t\n\n\t\t<\/div>\n\n\t\t\n\n\t\t<div class=\"section-content relative\">\n\t\t\t\n\n\t<div id=\"gap-481662223\" class=\"gap-element clearfix\" style=\"display:block; height:auto;\">\n\t\t\n<style>\n#gap-481662223 {\n  padding-top: 170px;\n}\n<\/style>\n\t<\/div>\n\t\n\n<div class=\"row align-middle\"  id=\"row-817013974\">\n\n\n\t<div id=\"col-1484415462\" class=\"col medium-6 small-12 large-6\"  >\n\t\t\t\t<div class=\"col-inner text-right dark\"  >\n\t\t\t\n\t\t\t\n\n\t<div id=\"text-1565862414\" class=\"text\">\n\t\t\n\n<h2>Referenzen<\/h2>\n<h3>Das sagen unsere Kunden<\/h3>\n\t\t\n<style>\n#text-1565862414 {\n  text-align: left;\n}\n<\/style>\n\t<\/div>\n\t\n\t<div id=\"gap-833871256\" class=\"gap-element clearfix\" style=\"display:block; height:auto;\">\n\t\t\n<style>\n#gap-833871256 {\n  padding-top: 30px;\n}\n<\/style>\n\t<\/div>\n\t\n\n<a href=\"https:\/\/freudebringer.at\/kontakt\/\" class=\"button secondary hidden\"  >\n    <span>kostenlose Beratung<\/span>\n  <\/a>\n\n\n\n\t\t<\/div>\n\t\t\t\t\t<\/div>\n\n\t\n\n<\/div>\n\t<div id=\"gap-1286431218\" class=\"gap-element clearfix\" style=\"display:block; height:auto;\">\n\t\t\n<style>\n#gap-1286431218 {\n  padding-top: 80px;\n}\n<\/style>\n\t<\/div>\n\t\n\n\n\t\t<\/div>\n\n\t\t\n<style>\n#section_1637024745 {\n  padding-top: 0px;\n  padding-bottom: 0px;\n  background-color: rgb(219, 147, 39);\n}\n#section_1637024745 .section-bg.bg-loaded {\n  background-image: url(https:\/\/freudebringer.at\/wp-content\/uploads\/2023\/12\/Untitled-2325.jpg);\n}\n#section_1637024745 .section-bg {\n  background-position: 18% 82%;\n}\n<\/style>\n\t<\/section>\n\t\n\t<section class=\"section\" id=\"section_2047109719\">\n\t\t<div class=\"bg section-bg fill bg-fill  bg-loaded\" >\n\n\t\t\t\n\t\t\t\n\t\t\t\n\n\t\t<\/div>\n\n\t\t\n\n\t\t<div class=\"section-content relative\">\n\t\t\t\n\n\t<div id=\"gap-677356468\" class=\"gap-element clearfix\" style=\"display:block; height:auto;\">\n\t\t\n<style>\n#gap-677356468 {\n  padding-top: 90px;\n}\n<\/style>\n\t<\/div>\n\t\n\n<div class=\"row\"  id=\"row-211645821\">\n\n\n\t<div id=\"col-1656711516\" class=\"col medium-6 small-12 large-6\"  >\n\t\t\t\t<div class=\"col-inner\"  >\n\t\t\t\n\t\t\t\n\n\n\n<div class=\"spvb-video spvb-youtube-video spvb-play-button-bottom-left\" id=\"spvb-0lYTFRHAm4o\">\n        <iframe class=\"spvb-video-iframe\" width=\"560\" height=\"315\"\n                spvb-src=\"https:\/\/www.youtube-nocookie.com\/embed\/0lYTFRHAm4o\"\n                title=\"YouTube Video Player\"\n                frameborder=\"0\" allowfullscreen><\/iframe>\n        <div class=\"image-overlay\" video-platform=\"youtube\" spvb-video-id=\"0lYTFRHAm4o\"\n             style=\"background-image: url('https:\/\/freudebringer.at\/wp-content\/uploads\/2024\/03\/DeBa-Thumbnail-1024x576.jpg');\">\n            <button class=\"play-button\">\n            <\/button>\n        <\/div>\n    <\/div>\n\n\n\t\t<\/div>\n\t\t\t\t\t<\/div>\n\n\t\n\n\t<div id=\"col-1004739963\" class=\"col medium-6 small-12 large-6\"  >\n\t\t\t\t<div class=\"col-inner\"  >\n\t\t\t\n\t\t\t\n\n\n\n<div class=\"spvb-video spvb-youtube-video spvb-play-button-bottom-left\" id=\"spvb-sx4kypLNtJM\">\n        <iframe class=\"spvb-video-iframe\" width=\"560\" height=\"315\"\n                spvb-src=\"https:\/\/www.youtube-nocookie.com\/embed\/sx4kypLNtJM\"\n                title=\"YouTube Video Player\"\n                frameborder=\"0\" allowfullscreen><\/iframe>\n        <div class=\"image-overlay\" video-platform=\"youtube\" spvb-video-id=\"sx4kypLNtJM\"\n             style=\"background-image: url('https:\/\/freudebringer.at\/wp-content\/uploads\/2024\/03\/Bolton-Thumbnail-1024x576.jpg');\">\n            <button class=\"play-button\">\n            <\/button>\n        <\/div>\n    <\/div>\n\n\n\t\t<\/div>\n\t\t\t\t\t<\/div>\n\n\t\n\n\t<div id=\"col-561223306\" class=\"col medium-6 small-12 large-6\"  >\n\t\t\t\t<div class=\"col-inner\"  >\n\t\t\t\n\t\t\t\n\n\n\n<div class=\"spvb-video spvb-youtube-video spvb-play-button-bottom-left\" id=\"spvb-yhIri4hKVvo\">\n        <iframe class=\"spvb-video-iframe\" width=\"560\" height=\"315\"\n                spvb-src=\"https:\/\/www.youtube-nocookie.com\/embed\/yhIri4hKVvo\"\n                title=\"YouTube Video Player\"\n                frameborder=\"0\" allowfullscreen><\/iframe>\n        <div class=\"image-overlay\" video-platform=\"youtube\" spvb-video-id=\"yhIri4hKVvo\"\n             style=\"background-image: url('https:\/\/freudebringer.at\/wp-content\/uploads\/2024\/03\/Henkel-Thumbnail-1024x576.jpg');\">\n            <button class=\"play-button\">\n            <\/button>\n        <\/div>\n    <\/div>\n\n\n\t\t<\/div>\n\t\t\t\t\t<\/div>\n\n\t\n\n\t<div id=\"col-695709468\" class=\"col medium-6 small-12 large-6\"  >\n\t\t\t\t<div class=\"col-inner\"  >\n\t\t\t\n\t\t\t\n\n\n\n<div class=\"spvb-video spvb-youtube-video spvb-play-button-bottom-left\" id=\"spvb-E_ih8wm8-Fc\">\n        <iframe class=\"spvb-video-iframe\" width=\"560\" height=\"315\"\n                spvb-src=\"https:\/\/www.youtube-nocookie.com\/embed\/E_ih8wm8-Fc\"\n                title=\"YouTube Video Player\"\n                frameborder=\"0\" allowfullscreen><\/iframe>\n        <div class=\"image-overlay\" video-platform=\"youtube\" spvb-video-id=\"E_ih8wm8-Fc\"\n             style=\"background-image: url('https:\/\/freudebringer.at\/wp-content\/uploads\/2024\/03\/MAM-Thumbnail-1024x576.jpg');\">\n            <button class=\"play-button\">\n            <\/button>\n        <\/div>\n    <\/div>\n\n\n\t\t<\/div>\n\t\t\t\t\t<\/div>\n\n\t\n\n\t<div id=\"col-279489561\" class=\"col medium-6 small-12 large-6\"  >\n\t\t\t\t<div class=\"col-inner\"  >\n\t\t\t\n\t\t\t\n\n\n\n<div class=\"spvb-video spvb-youtube-video spvb-play-button-bottom-left\" id=\"spvb-21rlH4u2aaQ\">\n        <iframe class=\"spvb-video-iframe\" width=\"560\" height=\"315\"\n                spvb-src=\"https:\/\/www.youtube-nocookie.com\/embed\/21rlH4u2aaQ\"\n                title=\"YouTube Video Player\"\n                frameborder=\"0\" allowfullscreen><\/iframe>\n        <div class=\"image-overlay\" video-platform=\"youtube\" spvb-video-id=\"21rlH4u2aaQ\"\n             style=\"background-image: url('https:\/\/freudebringer.at\/wp-content\/uploads\/2024\/03\/Mars-Thumbnail-1024x576.jpg');\">\n            <button class=\"play-button\">\n            <\/button>\n        <\/div>\n    <\/div>\n\n\n\t\t<\/div>\n\t\t\t\t\t<\/div>\n\n\t\n\n\t<div id=\"col-1165472513\" class=\"col medium-6 small-12 large-6\"  >\n\t\t\t\t<div class=\"col-inner\"  >\n\t\t\t\n\t\t\t\n\n\n\n<div class=\"spvb-video spvb-youtube-video spvb-play-button-bottom-left\" id=\"spvb-P-aWRnSQf0U\">\n        <iframe class=\"spvb-video-iframe\" width=\"560\" height=\"315\"\n                spvb-src=\"https:\/\/www.youtube-nocookie.com\/embed\/P-aWRnSQf0U\"\n                title=\"YouTube Video Player\"\n                frameborder=\"0\" allowfullscreen><\/iframe>\n        <div class=\"image-overlay\" video-platform=\"youtube\" spvb-video-id=\"P-aWRnSQf0U\"\n             style=\"background-image: url('https:\/\/freudebringer.at\/wp-content\/uploads\/2024\/03\/Werbehelden-Thumbnail-1024x576.jpg');\">\n            <button class=\"play-button\">\n            <\/button>\n        <\/div>\n    <\/div>\n\n\n\t\t<\/div>\n\t\t\t\t\t<\/div>\n\n\t\n\n<\/div>\n\t<div id=\"gap-1981520532\" class=\"gap-element clearfix\" style=\"display:block; height:auto;\">\n\t\t\n<style>\n#gap-1981520532 {\n  padding-top: 50px;\n}\n<\/style>\n\t<\/div>\n\t\n\n\n\t\t<\/div>\n\n\t\t\n<style>\n#section_2047109719 {\n  padding-top: 0px;\n  padding-bottom: 0px;\n}\n<\/style>\n\t<\/section>\n\t\n\t<section class=\"section\" id=\"section_1416564370\">\n\t\t<div class=\"bg section-bg fill bg-fill  bg-loaded\" >\n\n\t\t\t\n\t\t\t\n\t\t\t\n\n\t\t<\/div>\n\n\t\t\n\n\t\t<div class=\"section-content relative\">\n\t\t\t\n\n<div class=\"row align-equal col_radius_left_right\"  id=\"row-1194286255\">\n\n\n\t<div id=\"col-738785932\" class=\"col medium-6 small-12 large-6\"  >\n\t\t\t\t<div class=\"col-inner text-center\"  >\n\t\t\t\n\t\t\t\n\n<div class=\"ux-logo has-hover align-middle ux_logo inline-block\" style=\"max-width: 100%!important; width: 171.037037037px!important\"><div class=\"ux-logo-link block image-\" title=\"\" href=\"\" style=\"padding: 15px;\"><img decoding=\"async\" src=\"https:\/\/freudebringer.at\/wp-content\/uploads\/2023\/12\/stars.png\" title=\"\" alt=\"\" class=\"ux-logo-image block\" style=\"height:28px;\" \/><\/div><\/div>\n\n\t<div id=\"gap-1329465626\" class=\"gap-element clearfix\" style=\"display:block; height:auto;\">\n\t\t\n<style>\n#gap-1329465626 {\n  padding-top: 30px;\n}\n<\/style>\n\t<\/div>\n\t\n\n\t<div id=\"text-3755441246\" class=\"text testi_namain\">\n\t\t\n\n<h4>\u201eDie Zielgruppengenauigkeit und der Preis sind nur zwei der Verkaufsargumente die f\u00fcr den Erfolg des Freudebringer Konzepts sprechen.\u201c<\/h4>\n\t\t\t<\/div>\n\t\n\t<div id=\"gap-447097079\" class=\"gap-element clearfix\" style=\"display:block; height:auto;\">\n\t\t\n<style>\n#gap-447097079 {\n  padding-top: 50px;\n}\n<\/style>\n\t<\/div>\n\t\n\n<div class=\"row align-middle\"  id=\"row-1413519333\">\n\n\n\t<div id=\"col-71355031\" class=\"col medium-3 small-12 large-3\"  >\n\t\t\t\t<div class=\"col-inner\"  >\n\t\t\t\n\t\t\t\n\n<div class=\"is-divider divider clearfix\" style=\"margin-top:0px;margin-bottom:0px;max-width:100%;height:1px;background-color:rgb(50, 64, 90);\"><\/div>\n\n\n\t\t<\/div>\n\t\t\t\t\t<\/div>\n\n\t\n\n\t<div id=\"col-406327416\" class=\"col medium-6 small-12 large-6\"  >\n\t\t\t\t<div class=\"col-inner\"  >\n\t\t\t\n\t\t\t\n\n\t<div id=\"text-1105929932\" class=\"text testi_name\">\n\t\t\n\n<p>Ernst Buchinger<\/p>\n<p>Werbehelden<\/p>\n\t\t\t<\/div>\n\t\n\n\t\t<\/div>\n\t\t\t\t\t<\/div>\n\n\t\n\n\t<div id=\"col-1607420246\" class=\"col medium-3 small-12 large-3\"  >\n\t\t\t\t<div class=\"col-inner\"  >\n\t\t\t\n\t\t\t\n\n\n\t\t<\/div>\n\t\t\t\t\t<\/div>\n\n\t\n\n<\/div>\n\n\t\t<\/div>\n\t\t\t\t\t<\/div>\n\n\t\n\n\t<div id=\"col-1345934307\" class=\"col medium-6 small-12 large-6\"  >\n\t\t\t\t<div class=\"col-inner text-center\"  >\n\t\t\t\n\t\t\t\n\n<div class=\"ux-logo has-hover align-middle ux_logo inline-block\" style=\"max-width: 100%!important; width: 171.037037037px!important\"><div class=\"ux-logo-link block image-\" title=\"\" href=\"\" style=\"padding: 15px;\"><img decoding=\"async\" src=\"https:\/\/freudebringer.at\/wp-content\/uploads\/2023\/12\/stars.png\" title=\"\" alt=\"\" class=\"ux-logo-image block\" style=\"height:28px;\" \/><\/div><\/div>\n\n\t<div id=\"gap-26621556\" class=\"gap-element clearfix\" style=\"display:block; height:auto;\">\n\t\t\n<style>\n#gap-26621556 {\n  padding-top: 30px;\n}\n<\/style>\n\t<\/div>\n\t\n\n\t<div id=\"text-2713010328\" class=\"text testi_namain\">\n\t\t\n\n<h4>\u201eDer Launch von Savoderm MEN Sensitive \u00fcber die Agentur Freudebringer war ein voller Erfolg.\u201c<\/h4>\n\t\t\t<\/div>\n\t\n\t<div id=\"gap-1875712286\" class=\"gap-element clearfix\" style=\"display:block; height:auto;\">\n\t\t\n<style>\n#gap-1875712286 {\n  padding-top: 50px;\n}\n<\/style>\n\t<\/div>\n\t\n\n<div class=\"row align-middle\"  id=\"row-1184253277\">\n\n\n\t<div id=\"col-940824155\" class=\"col medium-3 small-12 large-3\"  >\n\t\t\t\t<div class=\"col-inner\"  >\n\t\t\t\n\t\t\t\n\n<div class=\"is-divider divider clearfix\" style=\"margin-top:0px;margin-bottom:0px;max-width:100%;height:1px;background-color:rgb(50, 64, 90);\"><\/div>\n\n\n\t\t<\/div>\n\t\t\t\t\t<\/div>\n\n\t\n\n\t<div id=\"col-1495369021\" class=\"col medium-6 small-12 large-6\"  >\n\t\t\t\t<div class=\"col-inner\"  >\n\t\t\t\n\t\t\t\n\n\t<div id=\"text-888280475\" class=\"text testi_name\">\n\t\t\n\n<p>Sonja R\u00fcth<\/p>\n<p>Merz Consumer Care Austria<\/p>\n\t\t\t<\/div>\n\t\n\n\t\t<\/div>\n\t\t\t\t\t<\/div>\n\n\t\n\n\t<div id=\"col-1158148448\" class=\"col medium-3 small-12 large-3\"  >\n\t\t\t\t<div class=\"col-inner\"  >\n\t\t\t\n\t\t\t\n\n\n\t\t<\/div>\n\t\t\t\t\t<\/div>\n\n\t\n\n<\/div>\n\n\t\t<\/div>\n\t\t\t\t\t<\/div>\n\n\t\n\n\t<div id=\"col-1226770921\" class=\"col medium-6 small-12 large-6\"  >\n\t\t\t\t<div class=\"col-inner text-center\"  >\n\t\t\t\n\t\t\t\n\n<div class=\"ux-logo has-hover align-middle ux_logo inline-block\" style=\"max-width: 100%!important; width: 171.037037037px!important\"><div class=\"ux-logo-link block image-\" title=\"\" href=\"\" style=\"padding: 15px;\"><img decoding=\"async\" src=\"https:\/\/freudebringer.at\/wp-content\/uploads\/2023\/12\/stars.png\" title=\"\" alt=\"\" class=\"ux-logo-image block\" style=\"height:28px;\" \/><\/div><\/div>\n\n\t<div id=\"gap-243149722\" class=\"gap-element clearfix\" style=\"display:block; height:auto;\">\n\t\t\n<style>\n#gap-243149722 {\n  padding-top: 30px;\n}\n<\/style>\n\t<\/div>\n\t\n\n\t<div id=\"text-2186954857\" class=\"text testi_namain\">\n\t\t\n\n<h4>\u201eWenn es darum geht, neue Kunden zielgruppengerecht und rasch anzusprechen, ist Freudebringer mit seinem kreativen Serviceangebot genau richtig.\u201c<\/h4>\n\t\t\t<\/div>\n\t\n\t<div id=\"gap-1544702705\" class=\"gap-element clearfix\" style=\"display:block; height:auto;\">\n\t\t\n<style>\n#gap-1544702705 {\n  padding-top: 50px;\n}\n<\/style>\n\t<\/div>\n\t\n\n<div class=\"row align-middle\"  id=\"row-390441797\">\n\n\n\t<div id=\"col-32064468\" class=\"col medium-3 small-12 large-3\"  >\n\t\t\t\t<div class=\"col-inner\"  >\n\t\t\t\n\t\t\t\n\n<div class=\"is-divider divider clearfix\" style=\"margin-top:0px;margin-bottom:0px;max-width:100%;height:1px;background-color:rgb(50, 64, 90);\"><\/div>\n\n\n\t\t<\/div>\n\t\t\t\t\t<\/div>\n\n\t\n\n\t<div id=\"col-1414180325\" class=\"col medium-6 small-12 large-6\"  >\n\t\t\t\t<div class=\"col-inner\"  >\n\t\t\t\n\t\t\t\n\n\t<div id=\"text-1328275436\" class=\"text testi_name\">\n\t\t\n\n<p>Manfred Oschounig<\/p>\n<p>hello familiii Familienmagazin<\/p>\n\t\t\t<\/div>\n\t\n\n\t\t<\/div>\n\t\t\t\t\t<\/div>\n\n\t\n\n\t<div id=\"col-1727252370\" class=\"col medium-3 small-12 large-3\"  >\n\t\t\t\t<div class=\"col-inner\"  >\n\t\t\t\n\t\t\t\n\n\n\t\t<\/div>\n\t\t\t\t\t<\/div>\n\n\t\n\n<\/div>\n\n\t\t<\/div>\n\t\t\t\t\t<\/div>\n\n\t\n\n\t<div id=\"col-1868652809\" class=\"col medium-6 small-12 large-6\"  >\n\t\t\t\t<div class=\"col-inner text-center\"  >\n\t\t\t\n\t\t\t\n\n<div class=\"ux-logo has-hover align-middle ux_logo inline-block\" style=\"max-width: 100%!important; width: 171.037037037px!important\"><div class=\"ux-logo-link block image-\" title=\"\" href=\"\" style=\"padding: 15px;\"><img decoding=\"async\" src=\"https:\/\/freudebringer.at\/wp-content\/uploads\/2023\/12\/stars.png\" title=\"\" alt=\"\" class=\"ux-logo-image block\" style=\"height:28px;\" \/><\/div><\/div>\n\n\t<div id=\"gap-46523191\" class=\"gap-element clearfix\" style=\"display:block; height:auto;\">\n\t\t\n<style>\n#gap-46523191 {\n  padding-top: 30px;\n}\n<\/style>\n\t<\/div>\n\t\n\n\t<div id=\"text-2874940461\" class=\"text testi_namain\">\n\t\t\n\n<h4>\u201eTouchpoint-Samplings unterst\u00fctzen unsere umfassenden Werbeaktivit\u00e4ten wunderbar. So schaffen wir es unsere Zielgruppe ohne Streuverluste in einem f\u00fcr das Produkt stimmigen Umfeld zu erreichen.\u201c<\/h4>\n\t\t\t<\/div>\n\t\n\t<div id=\"gap-1499407144\" class=\"gap-element clearfix\" style=\"display:block; height:auto;\">\n\t\t\n<style>\n#gap-1499407144 {\n  padding-top: 50px;\n}\n<\/style>\n\t<\/div>\n\t\n\n<div class=\"row align-middle\"  id=\"row-1213057942\">\n\n\n\t<div id=\"col-1275201939\" class=\"col medium-3 small-12 large-3\"  >\n\t\t\t\t<div class=\"col-inner\"  >\n\t\t\t\n\t\t\t\n\n<div class=\"is-divider divider clearfix\" style=\"margin-top:0px;margin-bottom:0px;max-width:100%;height:1px;background-color:rgb(50, 64, 90);\"><\/div>\n\n\n\t\t<\/div>\n\t\t\t\t\t<\/div>\n\n\t\n\n\t<div id=\"col-866866006\" class=\"col medium-6 small-12 large-6\"  >\n\t\t\t\t<div class=\"col-inner\"  >\n\t\t\t\n\t\t\t\n\n\t<div id=\"text-441856506\" class=\"text testi_name\">\n\t\t\n\n<p>Gudrun Bartl<\/p>\n<p>N\u00d6M AG<\/p>\n\t\t\t<\/div>\n\t\n\n\t\t<\/div>\n\t\t\t\t\t<\/div>\n\n\t\n\n\t<div id=\"col-1688028158\" class=\"col medium-3 small-12 large-3\"  >\n\t\t\t\t<div class=\"col-inner\"  >\n\t\t\t\n\t\t\t\n\n\n\t\t<\/div>\n\t\t\t\t\t<\/div>\n\n\t\n\n<\/div>\n\n\t\t<\/div>\n\t\t\t\t\t<\/div>\n\n\t\n\n\t<div id=\"col-969275538\" class=\"col medium-6 small-12 large-6\"  >\n\t\t\t\t<div class=\"col-inner text-center\"  >\n\t\t\t\n\t\t\t\n\n<div class=\"ux-logo has-hover align-middle ux_logo inline-block\" style=\"max-width: 100%!important; width: 171.037037037px!important\"><div class=\"ux-logo-link block image-\" title=\"\" href=\"\" style=\"padding: 15px;\"><img decoding=\"async\" src=\"https:\/\/freudebringer.at\/wp-content\/uploads\/2023\/12\/stars.png\" title=\"\" alt=\"\" class=\"ux-logo-image block\" style=\"height:28px;\" \/><\/div><\/div>\n\n\t<div id=\"gap-990053634\" class=\"gap-element clearfix\" style=\"display:block; height:auto;\">\n\t\t\n<style>\n#gap-990053634 {\n  padding-top: 30px;\n}\n<\/style>\n\t<\/div>\n\t\n\n\t<div id=\"text-2681214699\" class=\"text testi_namain\">\n\t\t\n\n<h4>\u201eUncle Ben\u00b4s Reis wurde von Freudebringer ideal platziert, am Mittagstisch, wo jeder vollwertige, gute Speisen rasch zubereiten m\u00f6chte\u201d.<\/h4>\n\t\t\t<\/div>\n\t\n\t<div id=\"gap-1216154829\" class=\"gap-element clearfix\" style=\"display:block; height:auto;\">\n\t\t\n<style>\n#gap-1216154829 {\n  padding-top: 50px;\n}\n<\/style>\n\t<\/div>\n\t\n\n<div class=\"row align-middle\"  id=\"row-241746175\">\n\n\n\t<div id=\"col-1782003908\" class=\"col medium-3 small-12 large-3\"  >\n\t\t\t\t<div class=\"col-inner\"  >\n\t\t\t\n\t\t\t\n\n<div class=\"is-divider divider clearfix\" style=\"margin-top:0px;margin-bottom:0px;max-width:100%;height:1px;background-color:rgb(50, 64, 90);\"><\/div>\n\n\n\t\t<\/div>\n\t\t\t\t\t<\/div>\n\n\t\n\n\t<div id=\"col-982338655\" class=\"col medium-6 small-12 large-6\"  >\n\t\t\t\t<div class=\"col-inner\"  >\n\t\t\t\n\t\t\t\n\n\t<div id=\"text-3309259185\" class=\"text testi_name\">\n\t\t\n\n<p>Andrea Pichler<\/p>\n<p>MARS Austria<\/p>\n\t\t\t<\/div>\n\t\n\n\t\t<\/div>\n\t\t\t\t\t<\/div>\n\n\t\n\n\t<div id=\"col-158678034\" class=\"col medium-3 small-12 large-3\"  >\n\t\t\t\t<div class=\"col-inner\"  >\n\t\t\t\n\t\t\t\n\n\n\t\t<\/div>\n\t\t\t\t\t<\/div>\n\n\t\n\n<\/div>\n\n\t\t<\/div>\n\t\t\t\t\t<\/div>\n\n\t\n\n\t<div id=\"col-1729570146\" class=\"col medium-6 small-12 large-6\"  >\n\t\t\t\t<div class=\"col-inner text-center\"  >\n\t\t\t\n\t\t\t\n\n<div class=\"ux-logo has-hover align-middle ux_logo inline-block\" style=\"max-width: 100%!important; width: 171.037037037px!important\"><div class=\"ux-logo-link block image-\" title=\"\" href=\"\" style=\"padding: 15px;\"><img decoding=\"async\" src=\"https:\/\/freudebringer.at\/wp-content\/uploads\/2023\/12\/stars.png\" title=\"\" alt=\"\" class=\"ux-logo-image block\" style=\"height:28px;\" \/><\/div><\/div>\n\n\t<div id=\"gap-403348906\" class=\"gap-element clearfix\" style=\"display:block; height:auto;\">\n\t\t\n<style>\n#gap-403348906 {\n  padding-top: 30px;\n}\n<\/style>\n\t<\/div>\n\t\n\n\t<div id=\"text-1560147076\" class=\"text testi_namain\">\n\t\t\n\n<h4>\u201eWir profitieren durch Goodies die wir von Freudebringer f\u00fcr unsere Mitglieder erhalten, kleine Geschenke die aber eine gro\u00dfe Auswirkung auf die Kundenbindung und Kundenzufriedenheit haben.\u201c<\/h4>\n\t\t\t<\/div>\n\t\n\t<div id=\"gap-1328203781\" class=\"gap-element clearfix\" style=\"display:block; height:auto;\">\n\t\t\n<style>\n#gap-1328203781 {\n  padding-top: 50px;\n}\n<\/style>\n\t<\/div>\n\t\n\n<div class=\"row align-middle\"  id=\"row-1342929983\">\n\n\n\t<div id=\"col-1989756825\" class=\"col medium-3 small-12 large-3\"  >\n\t\t\t\t<div class=\"col-inner\"  >\n\t\t\t\n\t\t\t\n\n<div class=\"is-divider divider clearfix\" style=\"margin-top:0px;margin-bottom:0px;max-width:100%;height:1px;background-color:rgb(50, 64, 90);\"><\/div>\n\n\n\t\t<\/div>\n\t\t\t\t\t<\/div>\n\n\t\n\n\t<div id=\"col-403878764\" class=\"col medium-6 small-12 large-6\"  >\n\t\t\t\t<div class=\"col-inner\"  >\n\t\t\t\n\t\t\t\n\n\t<div id=\"text-79463528\" class=\"text testi_name\">\n\t\t\n\n<p>Christian Z\u00f6bl<\/p>\n<p>John Harris<\/p>\n\t\t\t<\/div>\n\t\n\n\t\t<\/div>\n\t\t\t\t\t<\/div>\n\n\t\n\n\t<div id=\"col-1158876102\" class=\"col medium-3 small-12 large-3\"  >\n\t\t\t\t<div class=\"col-inner\"  >\n\t\t\t\n\t\t\t\n\n\n\t\t<\/div>\n\t\t\t\t\t<\/div>\n\n\t\n\n<\/div>\n\n\t\t<\/div>\n\t\t\t\t\t<\/div>\n\n\t\n\n\n<style>\n#row-1194286255 > .col > .col-inner {\n  padding: 70px 20px 40px 20px;\n  background-color: rgb(252, 252, 252);\n}\n@media (min-width:850px) {\n  #row-1194286255 > .col > .col-inner {\n    padding: 90px 70px 70px 70px;\n  }\n}\n<\/style>\n<\/div>\n\t<div id=\"gap-487943849\" class=\"gap-element clearfix\" style=\"display:block; height:auto;\">\n\t\t\n<style>\n#gap-487943849 {\n  padding-top: 60px;\n}\n<\/style>\n\t<\/div>\n\t\n\n\n\t\t<\/div>\n\n\t\t\n<style>\n#section_1416564370 {\n  padding-top: 0px;\n  padding-bottom: 0px;\n  background-color: rgb(219, 147, 39);\n}\n<\/style>\n\t<\/section>\n\t\n\n","protected":false},"excerpt":{"rendered":"","protected":false},"author":1,"featured_media":0,"parent":0,"menu_order":0,"comment_status":"closed","ping_status":"closed","template":"page-transparent-header-light.php","meta":{"footnotes":""},"class_list":["post-18373","page","type-page","status-publish","hentry"],"_links":{"self":[{"href":"https:\/\/freudebringer.at\/en\/wp-json\/wp\/v2\/pages\/18373","targetHints":{"allow":["GET"]}}],"collection":[{"href":"https:\/\/freudebringer.at\/en\/wp-json\/wp\/v2\/pages"}],"about":[{"href":"https:\/\/freudebringer.at\/en\/wp-json\/wp\/v2\/types\/page"}],"author":[{"embeddable":true,"href":"https:\/\/freudebringer.at\/en\/wp-json\/wp\/v2\/users\/1"}],"replies":[{"embeddable":true,"href":"https:\/\/freudebringer.at\/en\/wp-json\/wp\/v2\/comments?post=18373"}],"version-history":[{"count":8,"href":"https:\/\/freudebringer.at\/en\/wp-json\/wp\/v2\/pages\/18373\/revisions"}],"predecessor-version":[{"id":19660,"href":"https:\/\/freudebringer.at\/en\/wp-json\/wp\/v2\/pages\/18373\/revisions\/19660"}],"wp:attachment":[{"href":"https:\/\/freudebringer.at\/en\/wp-json\/wp\/v2\/media?parent=18373"}],"curies":[{"name":"wp","href":"https:\/\/api.w.org\/{rel}","templated":true}]}}